{"id":2646,"date":"2021-10-04T07:49:10","date_gmt":"2021-10-04T07:49:10","guid":{"rendered":"https:\/\/familienunternehmen.ch\/contact\/"},"modified":"2024-02-26T09:01:15","modified_gmt":"2024-02-26T09:01:15","slug":"contact","status":"publish","type":"page","link":"https:\/\/familienunternehmen.ch\/en\/contact\/","title":{"rendered":"Contact"},"content":{"rendered":"<p>[et_pb_section fb_built=&#8221;1&#8243; _builder_version=&#8221;4.16&#8243; _module_preset=&#8221;default&#8221; background_color=&#8221;#a7a83d&#8221; global_colors_info=&#8221;{}&#8221;][et_pb_row custom_padding_last_edited=&#8221;on|phone&#8221; _builder_version=&#8221;4.16&#8243; _module_preset=&#8221;default&#8221; max_width=&#8221;2560px&#8221; module_alignment=&#8221;center&#8221; custom_padding=&#8221;50px||50px||false|false&#8221; custom_padding_tablet=&#8221;25px||25px||false|false&#8221; custom_padding_phone=&#8221;10px||10px||false|false&#8221; global_colors_info=&#8221;{}&#8221;][et_pb_column type=&#8221;4_4&#8243; _builder_version=&#8221;4.16&#8243; _module_preset=&#8221;default&#8221; global_colors_info=&#8221;{}&#8221;][et_pb_text _builder_version=&#8221;4.16&#8243; _module_preset=&#8221;default&#8221; text_font=&#8221;Noto Serif||||||||&#8221; text_text_color=&#8221;#ffffff&#8221; text_font_size=&#8221;40px&#8221; text_letter_spacing=&#8221;1px&#8221; header_font=&#8221;Montserrat|700|||||||&#8221; background_layout=&#8221;dark&#8221; animation_style=&#8221;slide&#8221; animation_delay=&#8221;300ms&#8221; animation_intensity_slide=&#8221;10%&#8221; animation_starting_opacity=&#8221;90%&#8221; text_font_size_tablet=&#8221;30px&#8221; text_font_size_phone=&#8221;30px&#8221; text_font_size_last_edited=&#8221;on|tablet&#8221; global_colors_info=&#8221;{}&#8221;]<\/p>\n<h6><span>\u201cWe look forward to getting to know you.\u201d<\/span><\/h6>\n<p>[\/et_pb_text][\/et_pb_column][\/et_pb_row][\/et_pb_section][et_pb_section fb_built=&#8221;1&#8243; _builder_version=&#8221;4.16&#8243; _module_preset=&#8221;default&#8221; background_color=&#8221;rgba(0,0,0,0.08)&#8221; custom_margin=&#8221;||-12px|||&#8221; custom_padding=&#8221;0px||107px|||&#8221; global_colors_info=&#8221;{}&#8221;][et_pb_row admin_label=&#8221;Service Section Title&#8221; _builder_version=&#8221;4.16&#8243; width_tablet=&#8221;&#8221; width_phone=&#8221;&#8221; width_last_edited=&#8221;on|desktop&#8221; max_width=&#8221;100%&#8221; custom_padding=&#8221;49px||0px|||&#8221; animation_direction=&#8221;top&#8221; saved_tabs=&#8221;all&#8221; global_colors_info=&#8221;{}&#8221;][et_pb_column type=&#8221;4_4&#8243; _builder_version=&#8221;4.16&#8243; custom_padding=&#8221;|||&#8221; global_colors_info=&#8221;{}&#8221; custom_padding__hover=&#8221;|||&#8221;][et_pb_text admin_label=&#8221;Subtitle&#8221; _builder_version=&#8221;4.16&#8243; text_orientation=&#8221;center&#8221; module_alignment=&#8221;center&#8221; custom_margin=&#8221;||1px|||&#8221; custom_padding=&#8221;0px|||||&#8221; animation_direction=&#8221;bottom&#8221; global_colors_info=&#8221;{}&#8221;]<\/p>\n<h1>Contact<\/h1>\n<p>[\/et_pb_text][\/et_pb_column][\/et_pb_row][et_pb_row _builder_version=&#8221;4.21.0&#8243; _module_preset=&#8221;default&#8221; background_color=&#8221;#ffffff&#8221; width_tablet=&#8221;90%&#8221; max_width=&#8221;100%&#8221; custom_padding=&#8221;50px|50px|50px|50px|false|false&#8221; box_shadow_style=&#8221;preset4&#8243; box_shadow_color=&#8221;#362c66&#8243; global_colors_info=&#8221;{}&#8221;][et_pb_column type=&#8221;4_4&#8243; _builder_version=&#8221;4.16&#8243; _module_preset=&#8221;default&#8221; global_colors_info=&#8221;{}&#8221;][et_pb_text _builder_version=&#8221;4.24.2&#8243; _module_preset=&#8221;default&#8221; global_colors_info=&#8221;{}&#8221;]<\/p>\n<p><strong>Office<\/strong><\/p>\n<p>Familienunternehmen.ch AG<br \/>Seefeldstrasse 62<br \/>8008 Z\u00fcrich<\/p>\n<p>+41 76 388 31 41<br \/><a href=\"mailto:info@familienunternehmen.ch\" target=\"_blank\" rel=\"noopener noreferrer\">info@familienunternehmen.ch<\/a><strong><\/strong><\/p>\n<p>[\/et_pb_text][\/et_pb_column][\/et_pb_row][\/et_pb_section][et_pb_section fb_built=&#8221;1&#8243; inner_shadow=&#8221;on&#8221; _builder_version=&#8221;4.5.5&#8243; _module_preset=&#8221;default&#8221; background_color=&#8221;#ffffff&#8221; custom_margin=&#8221;0px||||false|false&#8221; custom_padding=&#8221;0px||||false|false&#8221; global_module=&#8221;214&#8243; saved_tabs=&#8221;all&#8221; global_colors_info=&#8221;{}&#8221;][et_pb_row column_structure=&#8221;1_4,1_2,1_4&#8243; use_custom_gutter=&#8221;on&#8221; make_equal=&#8221;on&#8221; _builder_version=&#8221;4.16&#8243; _module_preset=&#8221;default&#8221; width=&#8221;90%&#8221; max_width=&#8221;2560px&#8221; custom_margin=&#8221;||||false|false&#8221; custom_padding=&#8221;0px||||false|false&#8221; global_colors_info=&#8221;{}&#8221;][et_pb_column type=&#8221;1_4&#8243; _builder_version=&#8221;4.16&#8243; _module_preset=&#8221;default&#8221; global_colors_info=&#8221;{}&#8221;][et_pb_text _builder_version=&#8221;4.23.4&#8243; _module_preset=&#8221;default&#8221; text_font_size=&#8221;13px&#8221; text_line_height=&#8221;1.4em&#8221; custom_margin=&#8221;20px||||false|false&#8221; global_colors_info=&#8221;{}&#8221;]<\/p>\n<p>Familienunternehmen.ch AG<br \/>Kr\u00e4hb\u00fchlweg 3 <br \/>8044 Z\u00fcrich<\/p>\n<p>+41 76 388 31 41<a href=\"044%20383%2033 03\" target=\"_blank\" rel=\"noopener noreferrer\"><\/a><br \/><a href=\"mailto:info@familienunternehmen.ch\" target=\"_blank\" rel=\"noopener noreferrer\">info@familienunternehmen.ch<\/a><\/p>\n<p>[\/et_pb_text][\/et_pb_column][et_pb_column type=&#8221;1_2&#8243; _builder_version=&#8221;4.16&#8243; _module_preset=&#8221;default&#8221; background_color=&#8221;rgba(0,0,0,0)&#8221; global_colors_info=&#8221;{}&#8221;][et_pb_image src=&#8221;https:\/\/familienunternehmen.ch\/wp-content\/uploads\/familienunternehmen.ch_franziska_tiberini_mueller_logo.png&#8221; alt=&#8221;Logo Familienunternehmen Franziska M\u00fcller Tiberini&#8221; title_text=&#8221;Logo Familienunternehmen Franziska M\u00fcller Tiberini&#8221; _builder_version=&#8221;4.16&#8243; _module_preset=&#8221;default&#8221; width=&#8221;75%&#8221; module_alignment=&#8221;left&#8221; global_colors_info=&#8221;{}&#8221;][\/et_pb_image][\/et_pb_column][et_pb_column type=&#8221;1_4&#8243; _builder_version=&#8221;4.16&#8243; _module_preset=&#8221;default&#8221; background_color=&#8221;rgba(0,0,0,0)&#8221; global_colors_info=&#8221;{}&#8221;][et_pb_text _builder_version=&#8221;4.16&#8243; _module_preset=&#8221;default&#8221; text_font_size=&#8221;13px&#8221; text_line_height=&#8221;1.4em&#8221; custom_margin=&#8221;20px||||false|false&#8221; global_colors_info=&#8221;{}&#8221;]<\/p>\n<p><strong><a href=\"https:\/\/familienunternehmen.ch\/en\/newsletter-sign-up\/\" target=\"_blank\" rel=\"noopener noreferrer\">Newsletter sign up<\/a><\/strong><\/p>\n<p><a href=\"https:\/\/familienunternehmen.ch\/en\/legal-notice\/\" target=\"_blank\" rel=\"noopener noreferrer\">Legal Notice<\/a><br \/> <a href=\"https:\/\/familienunternehmen.ch\/en\/datenschutz\/\" target=\"_blank\" rel=\"noopener noreferrer\">Datenschutz<\/a><\/p>\n<p>[\/et_pb_text][\/et_pb_column][\/et_pb_row][\/et_pb_section]<\/p>\n","protected":false},"excerpt":{"rendered":"<p>\u201cWe look forward to getting to know you.\u201dContactOffice Familienunternehmen.ch AGSeefeldstrasse 628008 Z\u00fcrich +41 76 388 31 41info@familienunternehmen.chFamilienunternehmen.ch AGKr\u00e4hb\u00fchlweg 3 8044 Z\u00fcrich +41 76 388 31 41info@familienunternehmen.chNewsletter sign up Legal Notice Datenschutz<\/p>\n","protected":false},"author":1,"featured_media":0,"parent":0,"menu_order":0,"comment_status":"closed","ping_status":"closed","template":"","meta":{"_et_pb_use_builder":"on","_et_pb_old_content":"","_et_gb_content_width":"","footnotes":""},"class_list":["post-2646","page","type-page","status-publish","hentry"],"yoast_head":"<!-- This site is optimized with the Yoast SEO plugin v27.3 - https:\/\/yoast.com\/product\/yoast-seo-wordpress\/ -->\n<title>Contact - familienunternehmen.ch<\/title>\n<meta name=\"description\" content=\"\u201cWe look forward to getting to know you.\u201d\" \/>\n<meta name=\"robots\" content=\"index, follow, max-snippet:-1, max-image-preview:large, max-video-preview:-1\" \/>\n<link rel=\"canonical\" href=\"https:\/\/familienunternehmen.ch\/en\/contact\/\" \/>\n<meta property=\"og:locale\" content=\"en_US\" \/>\n<meta property=\"og:type\" content=\"article\" \/>\n<meta property=\"og:title\" content=\"Contact - familienunternehmen.ch\" \/>\n<meta property=\"og:description\" content=\"\u201cWe look forward to getting to know you.\u201d\" \/>\n<meta property=\"og:url\" content=\"https:\/\/familienunternehmen.ch\/en\/contact\/\" \/>\n<meta property=\"og:site_name\" content=\"familienunternehmen.ch\" \/>\n<meta property=\"article:modified_time\" content=\"2024-02-26T09:01:15+00:00\" \/>\n<meta name=\"twitter:card\" content=\"summary_large_image\" \/>\n<meta name=\"twitter:label1\" content=\"Est. reading time\" \/>\n\t<meta name=\"twitter:data1\" content=\"3 minutes\" \/>\n<script type=\"application\/ld+json\" class=\"yoast-schema-graph\">{\"@context\":\"https:\\\/\\\/schema.org\",\"@graph\":[{\"@type\":\"WebPage\",\"@id\":\"https:\\\/\\\/familienunternehmen.ch\\\/en\\\/contact\\\/\",\"url\":\"https:\\\/\\\/familienunternehmen.ch\\\/en\\\/contact\\\/\",\"name\":\"Contact - familienunternehmen.ch\",\"isPartOf\":{\"@id\":\"https:\\\/\\\/familienunternehmen.ch\\\/en\\\/#website\"},\"datePublished\":\"2021-10-04T07:49:10+00:00\",\"dateModified\":\"2024-02-26T09:01:15+00:00\",\"description\":\"\u201cWe look forward to getting to know you.\u201d\",\"breadcrumb\":{\"@id\":\"https:\\\/\\\/familienunternehmen.ch\\\/en\\\/contact\\\/#breadcrumb\"},\"inLanguage\":\"en-US\",\"potentialAction\":[{\"@type\":\"ReadAction\",\"target\":[\"https:\\\/\\\/familienunternehmen.ch\\\/en\\\/contact\\\/\"]}]},{\"@type\":\"BreadcrumbList\",\"@id\":\"https:\\\/\\\/familienunternehmen.ch\\\/en\\\/contact\\\/#breadcrumb\",\"itemListElement\":[{\"@type\":\"ListItem\",\"position\":1,\"name\":\"Home\",\"item\":\"https:\\\/\\\/familienunternehmen.ch\\\/en\\\/\"},{\"@type\":\"ListItem\",\"position\":2,\"name\":\"Contact\"}]},{\"@type\":\"WebSite\",\"@id\":\"https:\\\/\\\/familienunternehmen.ch\\\/en\\\/#website\",\"url\":\"https:\\\/\\\/familienunternehmen.ch\\\/en\\\/\",\"name\":\"familienunternehmen.ch\",\"description\":\"Franziska M\u00fcller Tiberini\",\"publisher\":{\"@id\":\"https:\\\/\\\/familienunternehmen.ch\\\/en\\\/#organization\"},\"potentialAction\":[{\"@type\":\"SearchAction\",\"target\":{\"@type\":\"EntryPoint\",\"urlTemplate\":\"https:\\\/\\\/familienunternehmen.ch\\\/en\\\/?s={search_term_string}\"},\"query-input\":{\"@type\":\"PropertyValueSpecification\",\"valueRequired\":true,\"valueName\":\"search_term_string\"}}],\"inLanguage\":\"en-US\"},{\"@type\":\"Organization\",\"@id\":\"https:\\\/\\\/familienunternehmen.ch\\\/en\\\/#organization\",\"name\":\"familienunternehmen.ch\",\"url\":\"https:\\\/\\\/familienunternehmen.ch\\\/en\\\/\",\"logo\":{\"@type\":\"ImageObject\",\"inLanguage\":\"en-US\",\"@id\":\"https:\\\/\\\/familienunternehmen.ch\\\/en\\\/#\\\/schema\\\/logo\\\/image\\\/\",\"url\":\"https:\\\/\\\/familienunternehmen.ch\\\/wp-content\\\/uploads\\\/familienunternehmen.ch_franziska_tiberini_mueller_logo.png\",\"contentUrl\":\"https:\\\/\\\/familienunternehmen.ch\\\/wp-content\\\/uploads\\\/familienunternehmen.ch_franziska_tiberini_mueller_logo.png\",\"width\":1333,\"height\":454,\"caption\":\"familienunternehmen.ch\"},\"image\":{\"@id\":\"https:\\\/\\\/familienunternehmen.ch\\\/en\\\/#\\\/schema\\\/logo\\\/image\\\/\"}}]}<\/script>\n<!-- \/ Yoast SEO plugin. -->","yoast_head_json":{"title":"Contact - familienunternehmen.ch","description":"\u201cWe look forward to getting to know you.\u201d","robots":{"index":"index","follow":"follow","max-snippet":"max-snippet:-1","max-image-preview":"max-image-preview:large","max-video-preview":"max-video-preview:-1"},"canonical":"https:\/\/familienunternehmen.ch\/en\/contact\/","og_locale":"en_US","og_type":"article","og_title":"Contact - familienunternehmen.ch","og_description":"\u201cWe look forward to getting to know you.\u201d","og_url":"https:\/\/familienunternehmen.ch\/en\/contact\/","og_site_name":"familienunternehmen.ch","article_modified_time":"2024-02-26T09:01:15+00:00","twitter_card":"summary_large_image","twitter_misc":{"Est. reading time":"3 minutes"},"schema":{"@context":"https:\/\/schema.org","@graph":[{"@type":"WebPage","@id":"https:\/\/familienunternehmen.ch\/en\/contact\/","url":"https:\/\/familienunternehmen.ch\/en\/contact\/","name":"Contact - familienunternehmen.ch","isPartOf":{"@id":"https:\/\/familienunternehmen.ch\/en\/#website"},"datePublished":"2021-10-04T07:49:10+00:00","dateModified":"2024-02-26T09:01:15+00:00","description":"\u201cWe look forward to getting to know you.\u201d","breadcrumb":{"@id":"https:\/\/familienunternehmen.ch\/en\/contact\/#breadcrumb"},"inLanguage":"en-US","potentialAction":[{"@type":"ReadAction","target":["https:\/\/familienunternehmen.ch\/en\/contact\/"]}]},{"@type":"BreadcrumbList","@id":"https:\/\/familienunternehmen.ch\/en\/contact\/#breadcrumb","itemListElement":[{"@type":"ListItem","position":1,"name":"Home","item":"https:\/\/familienunternehmen.ch\/en\/"},{"@type":"ListItem","position":2,"name":"Contact"}]},{"@type":"WebSite","@id":"https:\/\/familienunternehmen.ch\/en\/#website","url":"https:\/\/familienunternehmen.ch\/en\/","name":"familienunternehmen.ch","description":"Franziska M\u00fcller Tiberini","publisher":{"@id":"https:\/\/familienunternehmen.ch\/en\/#organization"},"potentialAction":[{"@type":"SearchAction","target":{"@type":"EntryPoint","urlTemplate":"https:\/\/familienunternehmen.ch\/en\/?s={search_term_string}"},"query-input":{"@type":"PropertyValueSpecification","valueRequired":true,"valueName":"search_term_string"}}],"inLanguage":"en-US"},{"@type":"Organization","@id":"https:\/\/familienunternehmen.ch\/en\/#organization","name":"familienunternehmen.ch","url":"https:\/\/familienunternehmen.ch\/en\/","logo":{"@type":"ImageObject","inLanguage":"en-US","@id":"https:\/\/familienunternehmen.ch\/en\/#\/schema\/logo\/image\/","url":"https:\/\/familienunternehmen.ch\/wp-content\/uploads\/familienunternehmen.ch_franziska_tiberini_mueller_logo.png","contentUrl":"https:\/\/familienunternehmen.ch\/wp-content\/uploads\/familienunternehmen.ch_franziska_tiberini_mueller_logo.png","width":1333,"height":454,"caption":"familienunternehmen.ch"},"image":{"@id":"https:\/\/familienunternehmen.ch\/en\/#\/schema\/logo\/image\/"}}]}},"_links":{"self":[{"href":"https:\/\/familienunternehmen.ch\/en\/wp-json\/wp\/v2\/pages\/2646","targetHints":{"allow":["GET"]}}],"collection":[{"href":"https:\/\/familienunternehmen.ch\/en\/wp-json\/wp\/v2\/pages"}],"about":[{"href":"https:\/\/familienunternehmen.ch\/en\/wp-json\/wp\/v2\/types\/page"}],"author":[{"embeddable":true,"href":"https:\/\/familienunternehmen.ch\/en\/wp-json\/wp\/v2\/users\/1"}],"replies":[{"embeddable":true,"href":"https:\/\/familienunternehmen.ch\/en\/wp-json\/wp\/v2\/comments?post=2646"}],"version-history":[{"count":10,"href":"https:\/\/familienunternehmen.ch\/en\/wp-json\/wp\/v2\/pages\/2646\/revisions"}],"predecessor-version":[{"id":3372,"href":"https:\/\/familienunternehmen.ch\/en\/wp-json\/wp\/v2\/pages\/2646\/revisions\/3372"}],"wp:attachment":[{"href":"https:\/\/familienunternehmen.ch\/en\/wp-json\/wp\/v2\/media?parent=2646"}],"curies":[{"name":"wp","href":"https:\/\/api.w.org\/{rel}","templated":true}]}}